{"id":7960,"date":"2025-12-30T11:05:41","date_gmt":"2025-12-30T10:05:41","guid":{"rendered":"https:\/\/villa-m.fr\/paris\/?page_id=7960"},"modified":"2026-04-01T11:57:35","modified_gmt":"2026-04-01T09:57:35","slug":"fitness-paris-lp","status":"publish","type":"page","link":"https:\/\/villa-m.fr\/paris\/boxe-fitness\/fitness-paris-lp\/","title":{"rendered":"Fitness Paris LP Campagne achat media"},"content":{"rendered":"","protected":false},"excerpt":{"rendered":"","protected":false},"author":6,"featured_media":0,"parent":478,"menu_order":0,"comment_status":"closed","ping_status":"closed","template":"tpl-layout-builder.php","meta":{"_acf_changed":false,"inline_featured_image":false,"_sitemap_exclude":false,"_sitemap_priority":"","_sitemap_frequency":"","footnotes":""},"class_list":["post-7960","page","type-page","status-publish","hentry"],"acf":[],"yoast_head":"<!-- This site is optimized with the Yoast SEO Premium plugin v26.6 (Yoast SEO v26.6) - https:\/\/yoast.com\/wordpress\/plugins\/seo\/ -->\n<title>Cours de fitness Paris 15 - Cours collectifs ou priv\u00e9s | Villa M<\/title>\n<meta name=\"description\" content=\"Le Fitness chez Villa M \u00e0 Paris 15 : Yoga, Pilates, Cross-Training, Pr\u00e9paration Physique et Renforcement Musculaire | Cours collectifs et particuliers\" \/>\n<meta name=\"robots\" content=\"noindex, nofollow\" \/>\n<meta property=\"og:locale\" content=\"fr_FR\" \/>\n<meta property=\"og:type\" content=\"article\" \/>\n<meta property=\"og:title\" content=\"Fitness Paris LP Campagne achat media\" \/>\n<meta property=\"og:description\" content=\"Le Fitness chez Villa M \u00e0 Paris 15 : Yoga, Pilates, Cross-Training, Pr\u00e9paration Physique et Renforcement Musculaire | Cours collectifs et particuliers\" \/>\n<meta property=\"og:url\" content=\"https:\/\/villa-m.fr\/paris\/boxe-fitness\/fitness-paris-lp\/\" \/>\n<meta property=\"og:site_name\" content=\"Villa M Paris\" \/>\n<meta property=\"article:modified_time\" content=\"2026-04-01T09:57:35+00:00\" \/>\n<meta name=\"twitter:card\" content=\"summary_large_image\" \/>\n<meta name=\"twitter:label1\" content=\"Dur\u00e9e de lecture estim\u00e9e\" \/>\n\t<meta name=\"twitter:data1\" content=\"18 minutes\" \/>\n<script type=\"application\/ld+json\" class=\"yoast-schema-graph\">{\"@context\":\"https:\/\/schema.org\",\"@graph\":[{\"@type\":\"WebPage\",\"@id\":\"https:\/\/villa-m.fr\/paris\/boxe-fitness\/fitness-paris-lp\/\",\"url\":\"https:\/\/villa-m.fr\/paris\/boxe-fitness\/fitness-paris-lp\/\",\"name\":\"Cours de fitness Paris 15 - Cours collectifs ou priv\u00e9s | Villa M\",\"isPartOf\":{\"@id\":\"https:\/\/villa-m.fr\/paris\/#website\"},\"datePublished\":\"2025-12-30T10:05:41+00:00\",\"dateModified\":\"2026-04-01T09:57:35+00:00\",\"description\":\"Le Fitness chez Villa M \u00e0 Paris 15 : Yoga, Pilates, Cross-Training, Pr\u00e9paration Physique et Renforcement Musculaire | Cours collectifs et particuliers\",\"breadcrumb\":{\"@id\":\"https:\/\/villa-m.fr\/paris\/boxe-fitness\/fitness-paris-lp\/#breadcrumb\"},\"inLanguage\":\"fr-FR\",\"potentialAction\":[{\"@type\":\"ReadAction\",\"target\":[\"https:\/\/villa-m.fr\/paris\/boxe-fitness\/fitness-paris-lp\/\"]}]},{\"@type\":\"BreadcrumbList\",\"@id\":\"https:\/\/villa-m.fr\/paris\/boxe-fitness\/fitness-paris-lp\/#breadcrumb\",\"itemListElement\":[{\"@type\":\"ListItem\",\"position\":1,\"name\":\"Accueil\",\"item\":\"https:\/\/villa-m.fr\/paris\/\"},{\"@type\":\"ListItem\",\"position\":2,\"name\":\"Boxe &#038; Fitness\",\"item\":\"https:\/\/villa-m.fr\/paris\/boxe-fitness\/\"},{\"@type\":\"ListItem\",\"position\":3,\"name\":\"Fitness Paris LP Campagne achat media\"}]},{\"@type\":\"WebSite\",\"@id\":\"https:\/\/villa-m.fr\/paris\/#website\",\"url\":\"https:\/\/villa-m.fr\/paris\/\",\"name\":\"Villa M Paris\",\"description\":\"\",\"potentialAction\":[{\"@type\":\"SearchAction\",\"target\":{\"@type\":\"EntryPoint\",\"urlTemplate\":\"https:\/\/villa-m.fr\/paris\/?s={search_term_string}\"},\"query-input\":{\"@type\":\"PropertyValueSpecification\",\"valueRequired\":true,\"valueName\":\"search_term_string\"}}],\"inLanguage\":\"fr-FR\"}]}<\/script>\n<!-- \/ Yoast SEO Premium plugin. -->","yoast_head_json":{"title":"Cours de fitness Paris 15 - Cours collectifs ou priv\u00e9s | Villa M","description":"Le Fitness chez Villa M \u00e0 Paris 15 : Yoga, Pilates, Cross-Training, Pr\u00e9paration Physique et Renforcement Musculaire | Cours collectifs et particuliers","robots":{"index":"noindex","follow":"nofollow"},"og_locale":"fr_FR","og_type":"article","og_title":"Fitness Paris LP Campagne achat media","og_description":"Le Fitness chez Villa M \u00e0 Paris 15 : Yoga, Pilates, Cross-Training, Pr\u00e9paration Physique et Renforcement Musculaire | Cours collectifs et particuliers","og_url":"https:\/\/villa-m.fr\/paris\/boxe-fitness\/fitness-paris-lp\/","og_site_name":"Villa M Paris","article_modified_time":"2026-04-01T09:57:35+00:00","twitter_card":"summary_large_image","twitter_misc":{"Dur\u00e9e de lecture estim\u00e9e":"18 minutes"},"schema":{"@context":"https:\/\/schema.org","@graph":[{"@type":"WebPage","@id":"https:\/\/villa-m.fr\/paris\/boxe-fitness\/fitness-paris-lp\/","url":"https:\/\/villa-m.fr\/paris\/boxe-fitness\/fitness-paris-lp\/","name":"Cours de fitness Paris 15 - Cours collectifs ou priv\u00e9s | Villa M","isPartOf":{"@id":"https:\/\/villa-m.fr\/paris\/#website"},"datePublished":"2025-12-30T10:05:41+00:00","dateModified":"2026-04-01T09:57:35+00:00","description":"Le Fitness chez Villa M \u00e0 Paris 15 : Yoga, Pilates, Cross-Training, Pr\u00e9paration Physique et Renforcement Musculaire | Cours collectifs et particuliers","breadcrumb":{"@id":"https:\/\/villa-m.fr\/paris\/boxe-fitness\/fitness-paris-lp\/#breadcrumb"},"inLanguage":"fr-FR","potentialAction":[{"@type":"ReadAction","target":["https:\/\/villa-m.fr\/paris\/boxe-fitness\/fitness-paris-lp\/"]}]},{"@type":"BreadcrumbList","@id":"https:\/\/villa-m.fr\/paris\/boxe-fitness\/fitness-paris-lp\/#breadcrumb","itemListElement":[{"@type":"ListItem","position":1,"name":"Accueil","item":"https:\/\/villa-m.fr\/paris\/"},{"@type":"ListItem","position":2,"name":"Boxe &#038; Fitness","item":"https:\/\/villa-m.fr\/paris\/boxe-fitness\/"},{"@type":"ListItem","position":3,"name":"Fitness Paris LP Campagne achat media"}]},{"@type":"WebSite","@id":"https:\/\/villa-m.fr\/paris\/#website","url":"https:\/\/villa-m.fr\/paris\/","name":"Villa M Paris","description":"","potentialAction":[{"@type":"SearchAction","target":{"@type":"EntryPoint","urlTemplate":"https:\/\/villa-m.fr\/paris\/?s={search_term_string}"},"query-input":{"@type":"PropertyValueSpecification","valueRequired":true,"valueName":"search_term_string"}}],"inLanguage":"fr-FR"}]}},"_links":{"self":[{"href":"https:\/\/villa-m.fr\/paris\/wp-json\/wp\/v2\/pages\/7960","targetHints":{"allow":["GET"]}}],"collection":[{"href":"https:\/\/villa-m.fr\/paris\/wp-json\/wp\/v2\/pages"}],"about":[{"href":"https:\/\/villa-m.fr\/paris\/wp-json\/wp\/v2\/types\/page"}],"author":[{"embeddable":true,"href":"https:\/\/villa-m.fr\/paris\/wp-json\/wp\/v2\/users\/6"}],"replies":[{"embeddable":true,"href":"https:\/\/villa-m.fr\/paris\/wp-json\/wp\/v2\/comments?post=7960"}],"version-history":[{"count":10,"href":"https:\/\/villa-m.fr\/paris\/wp-json\/wp\/v2\/pages\/7960\/revisions"}],"predecessor-version":[{"id":8090,"href":"https:\/\/villa-m.fr\/paris\/wp-json\/wp\/v2\/pages\/7960\/revisions\/8090"}],"up":[{"embeddable":true,"href":"https:\/\/villa-m.fr\/paris\/wp-json\/wp\/v2\/pages\/478"}],"wp:attachment":[{"href":"https:\/\/villa-m.fr\/paris\/wp-json\/wp\/v2\/media?parent=7960"}],"curies":[{"name":"wp","href":"https:\/\/api.w.org\/{rel}","templated":true}]}}